{"id":8,"date":"2017-10-17T20:18:21","date_gmt":"2017-10-17T20:18:21","guid":{"rendered":"http:\/\/cristiancilibiu.ro\/?page_id=8"},"modified":"2023-10-29T16:01:21","modified_gmt":"2023-10-29T16:01:21","slug":"about","status":"publish","type":"page","link":"https:\/\/cristiancilibiu.ro\/","title":{"rendered":"Despre"},"content":{"rendered":"<style>\/*! elementor - v3.16.0 - 17-10-2023 *\/\n.elementor-testimonial-wrapper{overflow:hidden;text-align:center}.elementor-testimonial-wrapper .elementor-testimonial-content{font-size:1.3em;margin-bottom:20px}.elementor-testimonial-wrapper .elementor-testimonial-name{line-height:1.5;display:block}.elementor-testimonial-wrapper .elementor-testimonial-job{font-size:.85em;display:block}.elementor-testimonial-wrapper .elementor-testimonial-meta{width:100%;line-height:1}.elementor-testimonial-wrapper .elementor-testimonial-meta-inner{display:inline-block}.elementor-testimonial-wrapper .elementor-testimonial-meta .elementor-testimonial-details,.elementor-testimonial-wrapper .elementor-testimonial-meta .elementor-testimonial-image{display:table-cell;vertical-align:middle}.elementor-testimonial-wrapper .elementor-testimonial-meta .elementor-testimonial-image img{width:60px;height:60px;border-radius:50%;-o-object-fit:cover;object-fit:cover;max-width:none}.elementor-testimonial-wrapper .elementor-testimonial-meta.elementor-testimonial-image-position-aside .elementor-testimonial-image{padding-right:15px}.elementor-testimonial-wrapper .elementor-testimonial-meta.elementor-testimonial-image-position-aside .elementor-testimonial-details{text-align:left}.elementor-testimonial-wrapper .elementor-testimonial-meta.elementor-testimonial-image-position-top .elementor-testimonial-details,.elementor-testimonial-wrapper .elementor-testimonial-meta.elementor-testimonial-image-position-top .elementor-testimonial-image{display:block}.elementor-testimonial-wrapper .elementor-testimonial-meta.elementor-testimonial-image-position-top .elementor-testimonial-image{margin-bottom:20px}<\/style>\n<p>\t\t\t\t\t\t\t\u201d Nu a\u0219tepta s\u0103 vin\u0103 ocazia potrivit\u0103. Creaz\u0103-\u021bi propria ta ocazie \u0219i propriul t\u0103u parcurs profesional. Doar <b>TU <\/b>e\u0219ti responsabil de acest lucru! \u201d<br \/>\n\t\t\t\t\t\t\t<img decoding=\"async\" width=\"936\" height=\"662\" src=\"https:\/\/cristiancilibiu.ro\/wp-content\/uploads\/2023\/10\/De-vorba.png\" alt=\"\" loading=\"lazy\" \/><br \/>\n\t\t\t\t\t\t\t\t\t\t\t\t\t\tCristian Cilibiu<br \/>\n\t\t\t\t\t\t\t\t\t\t\t\t\t\t\t\t\t\t\t\t\t\tthe CorpoRight guy<\/p>\n<ul>\n<li><a href=\"#\">Specialist Business Services<\/a>\u00a0|<\/li>\n<li><a href=\"https:\/\/cristiancilibiu.ro\/index.php\/evenimente\/\" target=\"_blank\" rel=\"noopener\">Speaker\/Moderator<\/a>\u00a0|<\/li>\n<li><a href=\"https:\/\/cristiancilibiu.ro\/index.php\/mentor-coach\/\">Mentor\/Coach<\/a>\u00a0|<\/li>\n<li><a href=\"https:\/\/zambetesiamintiri.ro\/\" target=\"_blank\" rel=\"noopener\">Pasionat de c\u0103l\u0103torii<\/a><\/li>\n<\/ul>\n<p><strong>Experien\u021b\u0103<\/strong><\/p>\n<p>20+ ani de experien\u021b\u0103, dintre care majoritatea \u00een industria serviciilor de afaceri, am ocupat diferite pozi\u021bii, at\u00e2t manageriale, c\u00e2t \u0219i de gestionare a proiectelor strategice, ceea ce m-a ajutat s\u0103-mi consolidez expertiza \u00een managementul proceselor, motivarea colegilor, automatizarea proceselor prin tehnologia RPA, gestionarea costurilor \u0219i, \u00een general, tot ceea ce \u021bine de opera\u021biunile financiare, at\u00e2t \u00een Bucure\u0219ti, c\u00e2t \u0219i \u00een Milano, Viena \u0219i M\u00fcnchen.<\/p>\n<p><strong>Educa\u021bie<\/strong><\/p>\n<p>Sunt fluent \u00een englez\u0103 \u0219i italian\u0103, cu o diplom\u0103 \u00een economie de la Universitatea Babe\u0219-Bolyai din Cluj-Napoca \u0219i dou\u0103 masterate, unul \u00een Tehnologia Informa\u021biei la ASE Bucure\u0219ti \u0219i altul \u00een Guvernarea IT la Universitatea Politehnic\u0103 din Milano.<\/p>\n<p><strong>Abilit\u0103\u021bi<\/strong><\/p>\n<p>M\u0103 simt \u00een largul meu \u00een medii provocatoare \u0219i multiculturale. Sunt orientat c\u0103tre execu\u021bie \u0219i rezolvarea problemelor. De\u021bin abilit\u0103\u021bi bune de negociere, gestionare a conflictelor \u0219i comunicare.<\/p>\n<p><strong>Biografie pe scurt<\/strong><\/p>\n<p>(ppt style cum \u00eei st\u0103 bine unui corporatist)<\/p>\n<p>https:\/\/www.youtube.com\/watch?v=lgp1tSBB_7A&#038;list=PLD5YRUp3MrHD6gK3YdBVIQXAVLRvN6Bi4&#038;index=1\t\t<\/p>\n<style>\/*! elementor - v3.16.0 - 17-10-2023 *\/\n.elementor-widget-divider{--divider-border-style:none;--divider-border-width:1px;--divider-color:#0c0d0e;--divider-icon-size:20px;--divider-element-spacing:10px;--divider-pattern-height:24px;--divider-pattern-size:20px;--divider-pattern-url:none;--divider-pattern-repeat:repeat-x}.elementor-widget-divider .elementor-divider{display:flex}.elementor-widget-divider .elementor-divider__text{font-size:15px;line-height:1;max-width:95%}.elementor-widget-divider .elementor-divider__element{margin:0 var(--divider-element-spacing);flex-shrink:0}.elementor-widget-divider .elementor-icon{font-size:var(--divider-icon-size)}.elementor-widget-divider .elementor-divider-separator{display:flex;margin:0;direction:ltr}.elementor-widget-divider--view-line_icon .elementor-divider-separator,.elementor-widget-divider--view-line_text .elementor-divider-separator{align-items:center}.elementor-widget-divider--view-line_icon .elementor-divider-separator:after,.elementor-widget-divider--view-line_icon .elementor-divider-separator:before,.elementor-widget-divider--view-line_text .elementor-divider-separator:after,.elementor-widget-divider--view-line_text .elementor-divider-separator:before{display:block;content:\"\";border-bottom:0;flex-grow:1;border-top:var(--divider-border-width) var(--divider-border-style) var(--divider-color)}.elementor-widget-divider--element-align-left .elementor-divider .elementor-divider-separator>.elementor-divider__svg:first-of-type{flex-grow:0;flex-shrink:100}.elementor-widget-divider--element-align-left .elementor-divider-separator:before{content:none}.elementor-widget-divider--element-align-left .elementor-divider__element{margin-left:0}.elementor-widget-divider--element-align-right .elementor-divider .elementor-divider-separator>.elementor-divider__svg:last-of-type{flex-grow:0;flex-shrink:100}.elementor-widget-divider--element-align-right .elementor-divider-separator:after{content:none}.elementor-widget-divider--element-align-right .elementor-divider__element{margin-right:0}.elementor-widget-divider:not(.elementor-widget-divider--view-line_text):not(.elementor-widget-divider--view-line_icon) .elementor-divider-separator{border-top:var(--divider-border-width) var(--divider-border-style) var(--divider-color)}.elementor-widget-divider--separator-type-pattern{--divider-border-style:none}.elementor-widget-divider--separator-type-pattern.elementor-widget-divider--view-line .elementor-divider-separator,.elementor-widget-divider--separator-type-pattern:not(.elementor-widget-divider--view-line) .elementor-divider-separator:after,.elementor-widget-divider--separator-type-pattern:not(.elementor-widget-divider--view-line) .elementor-divider-separator:before,.elementor-widget-divider--separator-type-pattern:not([class*=elementor-widget-divider--view]) .elementor-divider-separator{width:100%;min-height:var(--divider-pattern-height);-webkit-mask-size:var(--divider-pattern-size) 100%;mask-size:var(--divider-pattern-size) 100%;-webkit-mask-repeat:var(--divider-pattern-repeat);mask-repeat:var(--divider-pattern-repeat);background-color:var(--divider-color);-webkit-mask-image:var(--divider-pattern-url);mask-image:var(--divider-pattern-url)}.elementor-widget-divider--no-spacing{--divider-pattern-size:auto}.elementor-widget-divider--bg-round{--divider-pattern-repeat:round}.rtl .elementor-widget-divider .elementor-divider__text{direction:rtl}.e-con-inner>.elementor-widget-divider,.e-con>.elementor-widget-divider{width:var(--container-widget-width,100%);--flex-grow:var(--container-widget-flex-grow)}<\/style>\n","protected":false},"excerpt":{"rendered":"<p>\u201d Nu a\u0219tepta s\u0103 vin\u0103 ocazia potrivit\u0103. Creaz\u0103-\u021bi propria ta ocazie \u0219i propriul t\u0103u parcurs profesional. Doar TU e\u0219ti responsabil de acest lucru! \u201d Cristian Cilibiu the CorpoRight guy Specialist Business Services\u00a0| Speaker\/Moderator\u00a0| Mentor\/Coach\u00a0| Pasionat de c\u0103l\u0103torii Experien\u021b\u0103 20+ ani de experien\u021b\u0103, dintre care majoritatea \u00een industria serviciilor de afaceri, am ocupat diferite pozi\u021bii, at\u00e2t [&hellip;]<\/p>\n","protected":false},"author":1,"featured_media":85,"parent":0,"menu_order":0,"comment_status":"closed","ping_status":"closed","template":"template-parts\/page-no-sidebar.php","meta":{"footnotes":""},"_links":{"self":[{"href":"https:\/\/cristiancilibiu.ro\/index.php\/wp-json\/wp\/v2\/pages\/8"}],"collection":[{"href":"https:\/\/cristiancilibiu.ro\/index.php\/wp-json\/wp\/v2\/pages"}],"about":[{"href":"https:\/\/cristiancilibiu.ro\/index.php\/wp-json\/wp\/v2\/types\/page"}],"author":[{"embeddable":true,"href":"https:\/\/cristiancilibiu.ro\/index.php\/wp-json\/wp\/v2\/users\/1"}],"replies":[{"embeddable":true,"href":"https:\/\/cristiancilibiu.ro\/index.php\/wp-json\/wp\/v2\/comments?post=8"}],"version-history":[{"count":83,"href":"https:\/\/cristiancilibiu.ro\/index.php\/wp-json\/wp\/v2\/pages\/8\/revisions"}],"predecessor-version":[{"id":366,"href":"https:\/\/cristiancilibiu.ro\/index.php\/wp-json\/wp\/v2\/pages\/8\/revisions\/366"}],"wp:featuredmedia":[{"embeddable":true,"href":"https:\/\/cristiancilibiu.ro\/index.php\/wp-json\/wp\/v2\/media\/85"}],"wp:attachment":[{"href":"https:\/\/cristiancilibiu.ro\/index.php\/wp-json\/wp\/v2\/media?parent=8"}],"curies":[{"name":"wp","href":"https:\/\/api.w.org\/{rel}","templated":true}]}}